{"id":8,"date":"2020-04-14T10:08:30","date_gmt":"2020-04-14T10:08:30","guid":{"rendered":"https:\/\/wagner-piano.de\/?page_id=8"},"modified":"2020-04-14T10:53:15","modified_gmt":"2020-04-14T10:53:15","slug":"elementor-8","status":"publish","type":"page","link":"https:\/\/wagner-piano.de\/","title":{"rendered":"Home"},"content":{"rendered":"\t\t<div data-elementor-type=\"wp-page\" data-elementor-id=\"8\" class=\"elementor elementor-8\">\n\t\t\t\t\t\t<section class=\"elementor-section elementor-top-section elementor-element elementor-element-8db0743 elementor-section-boxed elementor-section-height-default elementor-section-height-default\" data-id=\"8db0743\" data-element_type=\"section\">\n\t\t\t\t\t\t<div class=\"elementor-container elementor-column-gap-default\">\n\t\t\t\t\t<div class=\"elementor-column elementor-col-100 elementor-top-column elementor-element elementor-element-23e97b1\" data-id=\"23e97b1\" data-element_type=\"column\">\n\t\t\t<div class=\"elementor-widget-wrap elementor-element-populated\">\n\t\t\t\t\t\t<div class=\"elementor-element elementor-element-ffe466f elementor-widget elementor-widget-image\" data-id=\"ffe466f\" data-element_type=\"widget\" data-widget_type=\"image.default\">\n\t\t\t\t<div class=\"elementor-widget-container\">\n\t\t\t\t\t\t\t\t\t\t\t\t\t\t\t<img fetchpriority=\"high\" decoding=\"async\" width=\"768\" height=\"414\" src=\"https:\/\/wagner-piano.de\/wp-content\/uploads\/2020\/04\/piano-3698770_1920-768x414.jpg\" class=\"attachment-medium_large size-medium_large wp-image-43\" alt=\"\" srcset=\"https:\/\/wagner-piano.de\/wp-content\/uploads\/2020\/04\/piano-3698770_1920-768x414.jpg 768w, https:\/\/wagner-piano.de\/wp-content\/uploads\/2020\/04\/piano-3698770_1920-300x162.jpg 300w, https:\/\/wagner-piano.de\/wp-content\/uploads\/2020\/04\/piano-3698770_1920-1024x551.jpg 1024w, https:\/\/wagner-piano.de\/wp-content\/uploads\/2020\/04\/piano-3698770_1920-1536x827.jpg 1536w, https:\/\/wagner-piano.de\/wp-content\/uploads\/2020\/04\/piano-3698770_1920.jpg 1920w\" sizes=\"(max-width: 768px) 100vw, 768px\" \/>\t\t\t\t\t\t\t\t\t\t\t\t\t\t\t<\/div>\n\t\t\t\t<\/div>\n\t\t\t\t<div class=\"elementor-element elementor-element-cf7062c elementor-widget elementor-widget-heading\" data-id=\"cf7062c\" data-element_type=\"widget\" data-widget_type=\"heading.default\">\n\t\t\t\t<div class=\"elementor-widget-container\">\n\t\t\t\t\t<h1 class=\"elementor-heading-title elementor-size-default\">Wagner-Piano<\/h1>\t\t\t\t<\/div>\n\t\t\t\t<\/div>\n\t\t\t\t\t<\/div>\n\t\t<\/div>\n\t\t\t\t\t<\/div>\n\t\t<\/section>\n\t\t\t\t<section class=\"elementor-section elementor-top-section elementor-element elementor-element-a828158 elementor-section-boxed elementor-section-height-default elementor-section-height-default\" data-id=\"a828158\" data-element_type=\"section\">\n\t\t\t\t\t\t<div class=\"elementor-container elementor-column-gap-default\">\n\t\t\t\t\t<div class=\"elementor-column elementor-col-100 elementor-top-column elementor-element elementor-element-4f3bafa\" data-id=\"4f3bafa\" data-element_type=\"column\">\n\t\t\t<div class=\"elementor-widget-wrap elementor-element-populated\">\n\t\t\t\t\t\t<div class=\"elementor-element elementor-element-e9d8921 elementor-widget elementor-widget-text-editor\" data-id=\"e9d8921\" data-element_type=\"widget\" data-widget_type=\"text-editor.default\">\n\t\t\t\t<div class=\"elementor-widget-container\">\n\t\t\t\t\t\t\t\t\t<p style=\"text-align: center;\">Herzlich Willkommen auf Wagner-Piano.de<br \/>Klavierunterricht f\u00fcr Anf\u00e4nger und Fortgeschrittene!<\/p><p style=\"text-align: center;\">Ich biete Klavierunterricht f\u00fcr Kinder, Jugendliche und Erwachsene jeden Kenntnisstandes!<\/p><p style=\"text-align: center;\">Auf dieser Website finden Sie alle wichtigen Informationen zu meiner Person und zum Unterricht (Preise, Orte, Zeiten, Repertoire\u2026)<\/p><p style=\"text-align: center;\">Wenn Sie Interesse haben, oder Sie anderweitige Fragen an mich haben <a href=\"https:\/\/wagner-piano.de\/?page_id=28\">kontaktieren Sie mich einfach!<\/a><\/p>\t\t\t\t\t\t\t\t<\/div>\n\t\t\t\t<\/div>\n\t\t\t\t\t<\/div>\n\t\t<\/div>\n\t\t\t\t\t<\/div>\n\t\t<\/section>\n\t\t\t\t<\/div>\n\t\t","protected":false},"excerpt":{"rendered":"<p>Wagner-Piano Herzlich Willkommen auf Wagner-Piano.deKlavierunterricht f\u00fcr Anf\u00e4nger und Fortgeschrittene! Ich biete Klavierunterricht f\u00fcr Kinder, Jugendliche und Erwachsene jeden Kenntnisstandes! Auf dieser Website finden Sie alle wichtigen Informationen zu meiner Person und zum Unterricht (Preise, Orte, Zeiten, Repertoire\u2026) Wenn Sie Interesse haben, oder Sie anderweitige Fragen an mich haben kontaktieren Sie mich einfach!<\/p>\n","protected":false},"author":1,"featured_media":43,"parent":0,"menu_order":0,"comment_status":"closed","ping_status":"closed","template":"elementor_header_footer","meta":{"footnotes":""},"class_list":["post-8","page","type-page","status-publish","has-post-thumbnail","hentry","entry","has-media"],"_links":{"self":[{"href":"https:\/\/wagner-piano.de\/index.php?rest_route=\/wp\/v2\/pages\/8","targetHints":{"allow":["GET"]}}],"collection":[{"href":"https:\/\/wagner-piano.de\/index.php?rest_route=\/wp\/v2\/pages"}],"about":[{"href":"https:\/\/wagner-piano.de\/index.php?rest_route=\/wp\/v2\/types\/page"}],"author":[{"embeddable":true,"href":"https:\/\/wagner-piano.de\/index.php?rest_route=\/wp\/v2\/users\/1"}],"replies":[{"embeddable":true,"href":"https:\/\/wagner-piano.de\/index.php?rest_route=%2Fwp%2Fv2%2Fcomments&post=8"}],"version-history":[{"count":9,"href":"https:\/\/wagner-piano.de\/index.php?rest_route=\/wp\/v2\/pages\/8\/revisions"}],"predecessor-version":[{"id":63,"href":"https:\/\/wagner-piano.de\/index.php?rest_route=\/wp\/v2\/pages\/8\/revisions\/63"}],"wp:featuredmedia":[{"embeddable":true,"href":"https:\/\/wagner-piano.de\/index.php?rest_route=\/wp\/v2\/media\/43"}],"wp:attachment":[{"href":"https:\/\/wagner-piano.de\/index.php?rest_route=%2Fwp%2Fv2%2Fmedia&parent=8"}],"curies":[{"name":"wp","href":"https:\/\/api.w.org\/{rel}","templated":true}]}}