{"id":28,"date":"2020-04-14T10:27:04","date_gmt":"2020-04-14T10:27:04","guid":{"rendered":"https:\/\/wagner-piano.de\/?page_id=28"},"modified":"2025-05-01T13:48:07","modified_gmt":"2025-05-01T13:48:07","slug":"kontakt","status":"publish","type":"page","link":"https:\/\/wagner-piano.de\/?page_id=28","title":{"rendered":"Kontakt"},"content":{"rendered":"\t\t<div data-elementor-type=\"wp-page\" data-elementor-id=\"28\" class=\"elementor elementor-28\">\n\t\t\t\t\t\t<section class=\"elementor-section elementor-top-section elementor-element elementor-element-3558341 elementor-section-boxed elementor-section-height-default elementor-section-height-default\" data-id=\"3558341\" data-element_type=\"section\">\n\t\t\t\t\t\t<div class=\"elementor-container elementor-column-gap-default\">\n\t\t\t\t\t<div class=\"elementor-column elementor-col-100 elementor-top-column elementor-element elementor-element-3695b1a\" data-id=\"3695b1a\" data-element_type=\"column\">\n\t\t\t<div class=\"elementor-widget-wrap elementor-element-populated\">\n\t\t\t\t\t\t<div class=\"elementor-element elementor-element-2011e04 elementor-widget elementor-widget-text-editor\" data-id=\"2011e04\" data-element_type=\"widget\" data-widget_type=\"text-editor.default\">\n\t\t\t\t<div class=\"elementor-widget-container\">\n\t\t\t\t\t\t\t\t\t<p>Sie m\u00f6chten bei mir gerne Klavierunterricht nehmen, m\u00f6chten ihre Kinder zum Klavierunterricht anmelden oder haben eine andere Frage?<\/p>\n<p>So k\u00f6nnen Sie mich erreichen:<\/p>\n<p>Email:<br><a href=\"mailto:matthias.wagner1968@gmail.com\">matthias.wagner1968[at]gmail.com<\/a><\/p>\n<p>Anschrift:<br>Matthias Wagner<br>Kirchberg 24<br>35683 Dillenburg<\/p>\n<p>Matthias Wagner<br><span style=\"font-size: 14px;\">Judenberg 12<br><\/span><span style=\"font-size: 14px;\">35325 Nieder-Ohmen<\/span><\/p>\n<p>Telefon<br>0172 \/ 6856790<\/p>\t\t\t\t\t\t\t\t<\/div>\n\t\t\t\t<\/div>\n\t\t\t\t\t<\/div>\n\t\t<\/div>\n\t\t\t\t\t<\/div>\n\t\t<\/section>\n\t\t\t\t<\/div>\n\t\t","protected":false},"excerpt":{"rendered":"<p>Sie m\u00f6chten bei mir gerne Klavierunterricht nehmen, m\u00f6chten ihre Kinder zum Klavierunterricht anmelden oder haben eine andere Frage? So k\u00f6nnen Sie mich erreichen: Email:matthias.wagner1968[at]gmail.com Anschrift:Matthias WagnerKirchberg 2435683 Dillenburg Matthias WagnerJudenberg 1235325 Nieder-Ohmen Telefon0172 \/ 6856790<\/p>\n","protected":false},"author":1,"featured_media":0,"parent":0,"menu_order":0,"comment_status":"closed","ping_status":"closed","template":"","meta":{"footnotes":""},"class_list":["post-28","page","type-page","status-publish","hentry","entry"],"_links":{"self":[{"href":"https:\/\/wagner-piano.de\/index.php?rest_route=\/wp\/v2\/pages\/28","targetHints":{"allow":["GET"]}}],"collection":[{"href":"https:\/\/wagner-piano.de\/index.php?rest_route=\/wp\/v2\/pages"}],"about":[{"href":"https:\/\/wagner-piano.de\/index.php?rest_route=\/wp\/v2\/types\/page"}],"author":[{"embeddable":true,"href":"https:\/\/wagner-piano.de\/index.php?rest_route=\/wp\/v2\/users\/1"}],"replies":[{"embeddable":true,"href":"https:\/\/wagner-piano.de\/index.php?rest_route=%2Fwp%2Fv2%2Fcomments&post=28"}],"version-history":[{"count":13,"href":"https:\/\/wagner-piano.de\/index.php?rest_route=\/wp\/v2\/pages\/28\/revisions"}],"predecessor-version":[{"id":119,"href":"https:\/\/wagner-piano.de\/index.php?rest_route=\/wp\/v2\/pages\/28\/revisions\/119"}],"wp:attachment":[{"href":"https:\/\/wagner-piano.de\/index.php?rest_route=%2Fwp%2Fv2%2Fmedia&parent=28"}],"curies":[{"name":"wp","href":"https:\/\/api.w.org\/{rel}","templated":true}]}}