{"id":24,"date":"2020-04-14T10:18:29","date_gmt":"2020-04-14T10:18:29","guid":{"rendered":"https:\/\/wagner-piano.de\/?page_id=24"},"modified":"2024-02-11T17:36:59","modified_gmt":"2024-02-11T17:36:59","slug":"preise","status":"publish","type":"page","link":"https:\/\/wagner-piano.de\/?page_id=24","title":{"rendered":"Preise"},"content":{"rendered":"\t\t<div data-elementor-type=\"wp-page\" data-elementor-id=\"24\" class=\"elementor elementor-24\">\n\t\t\t\t\t\t<section class=\"elementor-section elementor-top-section elementor-element elementor-element-671ffcc elementor-section-boxed elementor-section-height-default elementor-section-height-default\" data-id=\"671ffcc\" data-element_type=\"section\">\n\t\t\t\t\t\t<div class=\"elementor-container elementor-column-gap-default\">\n\t\t\t\t\t<div class=\"elementor-column elementor-col-100 elementor-top-column elementor-element elementor-element-5a7ed48\" data-id=\"5a7ed48\" data-element_type=\"column\">\n\t\t\t<div class=\"elementor-widget-wrap elementor-element-populated\">\n\t\t\t\t\t\t<div class=\"elementor-element elementor-element-55d7937 elementor-widget elementor-widget-text-editor\" data-id=\"55d7937\" data-element_type=\"widget\" data-widget_type=\"text-editor.default\">\n\t\t\t\t<div class=\"elementor-widget-container\">\n\t\t\t\t\t\t\t\t\t<p>Bei allen Unterrichtsformen handelt es sich um\u00a0Individualunterricht\u00a0\u2013 ich besuche Sie \u2013 Sie ben\u00f6tigen lediglich ein Klavier, E-Piano oder Keyboard!<br \/>In den hier aufgef\u00fchrten Preisen ist die An- und Abfahrt bereits berechnet.<\/p><p><strong>Der Klavierunterricht kostet au\u00dferhalb der Ferien:<\/strong><br \/><strong>45\u20ac<\/strong> im Monat f\u00fcr <strong>30 Minuten<\/strong> pro Woche.<br \/><strong>65\u20ac<\/strong> im Monat f\u00fcr <strong>45 Minuten<\/strong> pro Woche.<br \/><br \/>Bei zwei Sch\u00fclern im selben Haus ohne hohe Anfahrtskosten sind es <strong>80\u20ac<\/strong> im Monat f\u00fcr <strong>2 mal 30 Minuten<\/strong> pro Woche. <br \/><strong>120\u20ac<\/strong> im Monat f\u00fcr <strong>2 mal 45 Minuten<\/strong> pro Woche. <\/p><p>Die Preise werden monatlich berechnet, unabh\u00e4ngig davon, wie viele Wochentage in den jeweiligen Monat fallen.<br \/><br \/>In den Schulferien wird der Klavierunterricht prinzipiell ausgesetzt \u2013 es besteht jedoch in allen Schulferien (abgesehen von den Sommerferien) die Option, einen Zusatztermin f\u00fcr Klavierunterricht zu vereinbaren!<br \/>Der Monat Juli muss nicht bezahlt werden! Auch andere individuelle Vereinbarungen sind m\u00f6glich (z.B. 60 Minuten Unterricht) \u2013 Sprechen sie mich an!<\/p>\t\t\t\t\t\t\t\t<\/div>\n\t\t\t\t<\/div>\n\t\t\t\t\t<\/div>\n\t\t<\/div>\n\t\t\t\t\t<\/div>\n\t\t<\/section>\n\t\t\t\t<\/div>\n\t\t","protected":false},"excerpt":{"rendered":"<p>Bei allen Unterrichtsformen handelt es sich um\u00a0Individualunterricht\u00a0\u2013 ich besuche Sie \u2013 Sie ben\u00f6tigen lediglich ein Klavier, E-Piano oder Keyboard!In den hier aufgef\u00fchrten Preisen ist die An- und Abfahrt bereits berechnet. Der Klavierunterricht kostet au\u00dferhalb der Ferien:45\u20ac im Monat f\u00fcr 30 Minuten pro Woche.65\u20ac im Monat f\u00fcr 45 Minuten pro Woche. Bei zwei Sch\u00fclern im selben [&hellip;]<\/p>\n","protected":false},"author":1,"featured_media":0,"parent":0,"menu_order":0,"comment_status":"closed","ping_status":"closed","template":"","meta":{"footnotes":""},"class_list":["post-24","page","type-page","status-publish","hentry","entry"],"_links":{"self":[{"href":"https:\/\/wagner-piano.de\/index.php?rest_route=\/wp\/v2\/pages\/24","targetHints":{"allow":["GET"]}}],"collection":[{"href":"https:\/\/wagner-piano.de\/index.php?rest_route=\/wp\/v2\/pages"}],"about":[{"href":"https:\/\/wagner-piano.de\/index.php?rest_route=\/wp\/v2\/types\/page"}],"author":[{"embeddable":true,"href":"https:\/\/wagner-piano.de\/index.php?rest_route=\/wp\/v2\/users\/1"}],"replies":[{"embeddable":true,"href":"https:\/\/wagner-piano.de\/index.php?rest_route=%2Fwp%2Fv2%2Fcomments&post=24"}],"version-history":[{"count":11,"href":"https:\/\/wagner-piano.de\/index.php?rest_route=\/wp\/v2\/pages\/24\/revisions"}],"predecessor-version":[{"id":91,"href":"https:\/\/wagner-piano.de\/index.php?rest_route=\/wp\/v2\/pages\/24\/revisions\/91"}],"wp:attachment":[{"href":"https:\/\/wagner-piano.de\/index.php?rest_route=%2Fwp%2Fv2%2Fmedia&parent=24"}],"curies":[{"name":"wp","href":"https:\/\/api.w.org\/{rel}","templated":true}]}}