{"id":21,"date":"2020-04-14T10:17:47","date_gmt":"2020-04-14T10:17:47","guid":{"rendered":"https:\/\/wagner-piano.de\/?page_id=21"},"modified":"2025-05-01T13:45:51","modified_gmt":"2025-05-01T13:45:51","slug":"unterricht","status":"publish","type":"page","link":"https:\/\/wagner-piano.de\/?page_id=21","title":{"rendered":"Unterricht"},"content":{"rendered":"\t\t<div data-elementor-type=\"wp-page\" data-elementor-id=\"21\" class=\"elementor elementor-21\">\n\t\t\t\t\t\t<section class=\"elementor-section elementor-top-section elementor-element elementor-element-cce3492 elementor-section-boxed elementor-section-height-default elementor-section-height-default\" data-id=\"cce3492\" data-element_type=\"section\">\n\t\t\t\t\t\t<div class=\"elementor-container elementor-column-gap-default\">\n\t\t\t\t\t<div class=\"elementor-column elementor-col-100 elementor-top-column elementor-element elementor-element-245f538\" data-id=\"245f538\" data-element_type=\"column\">\n\t\t\t<div class=\"elementor-widget-wrap elementor-element-populated\">\n\t\t\t\t\t\t<div class=\"elementor-element elementor-element-783d1f2 elementor-widget elementor-widget-text-editor\" data-id=\"783d1f2\" data-element_type=\"widget\" data-widget_type=\"text-editor.default\">\n\t\t\t\t<div class=\"elementor-widget-container\">\n\t\t\t\t\t\t\t\t\t<p>Ich unterrichte im <strong>Dillkreis, <\/strong>im Kreis <strong>Gie\u00dfen, Vogelsberg<\/strong> und <strong>M\u00fccke<\/strong> Kinder, Jugendliche wie auch Erwachsene von Anf\u00e4ngern bis hin zu Fortgeschrittenen am Piano oder Keyboard.<\/p><p>Ich leiste dabei eine <strong>musikalische Fr\u00fcherziehung<\/strong> mit ersten Kontakten zum Klavier bis hin zu R<strong>eportoire-erweiterungen und Technik\u00fcbungen f\u00fcr Fortgeschrittene!<\/strong><\/p><p>Jeder Sch\u00fcler kann dabei selbst Schwerpunkte setzen und sich so besonders in <strong>Klassik, Pop, Rock, Jazz, Blues, oder Filmmusikschulen<\/strong> lassen.<\/p><p>Neben einem gro\u00dfen Reportoire an Klassik-St\u00fccken bin ich stets bem\u00fcht auch aktuelle Musik aus Pop, Rock, Jazz und Blues sowieaktuelle Filmmusik anzubieten.<\/p><p>Ich bin stets bem\u00fcht ganz individuell auf meine Sch\u00fcler einzugehen, und sie gem\u00e4\u00df ihrer Begabungen und Interessen zu f\u00f6rdern!<\/p>\t\t\t\t\t\t\t\t<\/div>\n\t\t\t\t<\/div>\n\t\t\t\t\t<\/div>\n\t\t<\/div>\n\t\t\t\t\t<\/div>\n\t\t<\/section>\n\t\t\t\t<\/div>\n\t\t","protected":false},"excerpt":{"rendered":"<p>Ich unterrichte im Dillkreis, im Kreis Gie\u00dfen, Vogelsberg und M\u00fccke Kinder, Jugendliche wie auch Erwachsene von Anf\u00e4ngern bis hin zu Fortgeschrittenen am Piano oder Keyboard. Ich leiste dabei eine musikalische Fr\u00fcherziehung mit ersten Kontakten zum Klavier bis hin zu Reportoire-erweiterungen und Technik\u00fcbungen f\u00fcr Fortgeschrittene! Jeder Sch\u00fcler kann dabei selbst Schwerpunkte setzen und sich so besonders [&hellip;]<\/p>\n","protected":false},"author":1,"featured_media":0,"parent":0,"menu_order":0,"comment_status":"closed","ping_status":"closed","template":"","meta":{"footnotes":""},"class_list":["post-21","page","type-page","status-publish","hentry","entry"],"_links":{"self":[{"href":"https:\/\/wagner-piano.de\/index.php?rest_route=\/wp\/v2\/pages\/21","targetHints":{"allow":["GET"]}}],"collection":[{"href":"https:\/\/wagner-piano.de\/index.php?rest_route=\/wp\/v2\/pages"}],"about":[{"href":"https:\/\/wagner-piano.de\/index.php?rest_route=\/wp\/v2\/types\/page"}],"author":[{"embeddable":true,"href":"https:\/\/wagner-piano.de\/index.php?rest_route=\/wp\/v2\/users\/1"}],"replies":[{"embeddable":true,"href":"https:\/\/wagner-piano.de\/index.php?rest_route=%2Fwp%2Fv2%2Fcomments&post=21"}],"version-history":[{"count":10,"href":"https:\/\/wagner-piano.de\/index.php?rest_route=\/wp\/v2\/pages\/21\/revisions"}],"predecessor-version":[{"id":98,"href":"https:\/\/wagner-piano.de\/index.php?rest_route=\/wp\/v2\/pages\/21\/revisions\/98"}],"wp:attachment":[{"href":"https:\/\/wagner-piano.de\/index.php?rest_route=%2Fwp%2Fv2%2Fmedia&parent=21"}],"curies":[{"name":"wp","href":"https:\/\/api.w.org\/{rel}","templated":true}]}}