{"id":18,"date":"2020-04-14T10:16:53","date_gmt":"2020-04-14T10:16:53","guid":{"rendered":"https:\/\/wagner-piano.de\/?page_id=18"},"modified":"2020-04-14T10:42:40","modified_gmt":"2020-04-14T10:42:40","slug":"ueber-mich","status":"publish","type":"page","link":"https:\/\/wagner-piano.de\/?page_id=18","title":{"rendered":"\u00dcber mich"},"content":{"rendered":"\t\t<div data-elementor-type=\"wp-page\" data-elementor-id=\"18\" class=\"elementor elementor-18\">\n\t\t\t\t\t\t<section class=\"elementor-section elementor-top-section elementor-element elementor-element-5e4f5dd elementor-section-boxed elementor-section-height-default elementor-section-height-default\" data-id=\"5e4f5dd\" data-element_type=\"section\">\n\t\t\t\t\t\t<div class=\"elementor-container elementor-column-gap-default\">\n\t\t\t\t\t<div class=\"elementor-column elementor-col-100 elementor-top-column elementor-element elementor-element-97a9179\" data-id=\"97a9179\" data-element_type=\"column\">\n\t\t\t<div class=\"elementor-widget-wrap elementor-element-populated\">\n\t\t\t\t\t\t<div class=\"elementor-element elementor-element-9c4962a elementor-widget elementor-widget-text-editor\" data-id=\"9c4962a\" data-element_type=\"widget\" data-widget_type=\"text-editor.default\">\n\t\t\t\t<div class=\"elementor-widget-container\">\n\t\t\t\t\t\t\t\t\t<p>Mein Name ist Matthias Wagner, ich wohne in Dillenburg und arbeite als privater Klavierlehrer.<br \/>Ich spiele seit meinem 8. Lebensjahr Klavier und wurde selbst unter anderem von Michael Meyberg, Karl Peter Chilla, Hubert Foersch und Herrn Pitzer unterrichtet.<br \/>Zwischenzeitlich war ich Organist in den Gemeinden Dillbrecht, Fellerdilln und auch Dillenburg<\/p><p>Seit nun etwa 20 Jahren unterrichte ich selbst Kinder, Jugendliche und Erwachsene \u2013 Anf\u00e4nger und Fortgeschrittene.<\/p><p>Neben der blo\u00dfen Vermittlung von Fertigkeiten am Klavier geht es mir bei meinem Unterricht besonders um die Vermittlung von einem Gef\u00fchl f\u00fcr die Musik, und die Freude, welche diese bringt.<\/p><p>Ich selbst begeistere mich sehr f\u00fcr Jazz, Blues und Boogie-Woogie. Au\u00dferdem spiele ich jedoch auch Klassik, Pop, Rock und aktuelle Filmmusik.<\/p><p>Dank meines absoluten Geh\u00f6rs ist es mir m\u00f6glich auch vollkommen Neue St\u00fccke (z.B. neue Pop\/Rock-St\u00fccke oder Filmmusik) f\u00fcr das Klavier zu arrangieren!<\/p>\t\t\t\t\t\t\t\t<\/div>\n\t\t\t\t<\/div>\n\t\t\t\t\t<\/div>\n\t\t<\/div>\n\t\t\t\t\t<\/div>\n\t\t<\/section>\n\t\t\t\t<\/div>\n\t\t","protected":false},"excerpt":{"rendered":"<p>Mein Name ist Matthias Wagner, ich wohne in Dillenburg und arbeite als privater Klavierlehrer.Ich spiele seit meinem 8. Lebensjahr Klavier und wurde selbst unter anderem von Michael Meyberg, Karl Peter Chilla, Hubert Foersch und Herrn Pitzer unterrichtet.Zwischenzeitlich war ich Organist in den Gemeinden Dillbrecht, Fellerdilln und auch Dillenburg Seit nun etwa 20 Jahren unterrichte ich [&hellip;]<\/p>\n","protected":false},"author":1,"featured_media":0,"parent":0,"menu_order":0,"comment_status":"closed","ping_status":"closed","template":"","meta":{"footnotes":""},"class_list":["post-18","page","type-page","status-publish","hentry","entry"],"_links":{"self":[{"href":"https:\/\/wagner-piano.de\/index.php?rest_route=\/wp\/v2\/pages\/18","targetHints":{"allow":["GET"]}}],"collection":[{"href":"https:\/\/wagner-piano.de\/index.php?rest_route=\/wp\/v2\/pages"}],"about":[{"href":"https:\/\/wagner-piano.de\/index.php?rest_route=\/wp\/v2\/types\/page"}],"author":[{"embeddable":true,"href":"https:\/\/wagner-piano.de\/index.php?rest_route=\/wp\/v2\/users\/1"}],"replies":[{"embeddable":true,"href":"https:\/\/wagner-piano.de\/index.php?rest_route=%2Fwp%2Fv2%2Fcomments&post=18"}],"version-history":[{"count":4,"href":"https:\/\/wagner-piano.de\/index.php?rest_route=\/wp\/v2\/pages\/18\/revisions"}],"predecessor-version":[{"id":54,"href":"https:\/\/wagner-piano.de\/index.php?rest_route=\/wp\/v2\/pages\/18\/revisions\/54"}],"wp:attachment":[{"href":"https:\/\/wagner-piano.de\/index.php?rest_route=%2Fwp%2Fv2%2Fmedia&parent=18"}],"curies":[{"name":"wp","href":"https:\/\/api.w.org\/{rel}","templated":true}]}}